{"id":15,"date":"2024-10-14T10:38:36","date_gmt":"2024-10-14T07:38:36","guid":{"rendered":"https:\/\/alptechnic.com\/?page_id=15"},"modified":"2024-10-14T14:16:52","modified_gmt":"2024-10-14T11:16:52","slug":"tum-haberler","status":"publish","type":"page","link":"https:\/\/alptechnic.com\/en\/tum-haberler\/","title":{"rendered":"t\u00fcm haberler"},"content":{"rendered":"<div class=\"wpb-content-wrapper\"><div class=\"vc_row wpb_row vc_row-fluid vc_custom_1728892153636 vc_row-has-padding-top vc_row-has-padding-bottom vc_row-o-equal-height vc_row-bg-position-top vc_row-flex\"><div class=\"wpb_column vc_column_container vc_col-sm-12\"><div class=\"vc_column-inner\"><div class=\"wpb_wrapper\"><header class=\"kd-section-title col-lg-12 text-center  subtitle-below-title    vc_custom_1728891947010\" ><h2 class=\"separator_off\" >News from ALPTEKN\u0130K<\/h2><\/header>\n<div class=\"vc_grid-container-wrapper vc_clearfix\">\n\t<div class=\"vc_grid-container vc_clearfix wpb_content_element vc_basic_grid\" data-initial-loading-animation=\"fadeIn\" data-vc-grid-settings=\"{&quot;page_id&quot;:15,&quot;style&quot;:&quot;all&quot;,&quot;action&quot;:&quot;vc_get_vc_grid_data&quot;,&quot;shortcode_id&quot;:&quot;1728892128883-c229aace-66e9-9&quot;,&quot;tag&quot;:&quot;vc_basic_grid&quot;}\" data-vc-request=\"https:\/\/alptechnic.com\/wp-admin\/admin-ajax.php\" data-vc-post-id=\"15\" data-vc-public-nonce=\"555886df8f\">\n\t\t<div class=\"vc_grid vc_row vc_grid-gutter-20px vc_pageable-wrapper vc_hook_hover\" data-vc-pageable-content=\"true\"><div class=\"vc_pageable-slide-wrapper vc_clearfix\" data-vc-grid-content=\"true\"><div class=\"vc_grid-item vc_clearfix vc_col-sm-4\"><div class=\"vc_grid-item-mini vc_clearfix\"><div class=\"vc_gitem-animated-block\" ><div class=\"vc_gitem-zone vc_gitem-zone-a blog-detailed-grid vc-gitem-zone-height-mode-auto vc-gitem-zone-height-mode-auto-1-1\"><div class=\"vc_gitem-zone-mini\"><div class=\"vc_gitem_row vc_row vc_gitem-row-position-top\"><div class=\"vc_col-sm-12 vc_gitem-col vc_gitem-col-align-\">\n\t<div class=\"wpb_single_image wpb_content_element vc_align_center\">\n\t\t<figure class=\"wpb_wrapper vc_figure\">\n\t\t\t<div class=\"vc_single_image-wrapper   vc_box_border_grey\"><img loading=\"lazy\" decoding=\"async\" width=\"400\" height=\"250\" src=\"https:\/\/alptechnic.com\/wp-content\/uploads\/2025\/09\/DSCF1683-400x250.jpg\" class=\"vc_single_image-img attachment-keydesign-grid-image\" alt=\"\" title=\"DSCF1683\" srcset=\"https:\/\/alptechnic.com\/wp-content\/uploads\/2025\/09\/DSCF1683-400x250.jpg 400w, https:\/\/alptechnic.com\/wp-content\/uploads\/2025\/09\/DSCF1683-18x10.jpg 18w\" sizes=\"auto, (max-width: 400px) 100vw, 400px\" \/><\/div>\n\t\t<\/figure>\n\t<\/div>\n<\/div><\/div><div class=\"vc_gitem_row vc_row vc_gitem-row-position-middle\"><div class=\"vc_col-sm-12 entry-wrapper vc_gitem-col vc_gitem-col-align-\"><div class=\"vc_gitem-post-data vc_gitem-post-data-source-post_categories vc_grid-filter vc_clearfix vc_grid-filter vc_clearfix vc_grid-filter- vc_grid-filter-size-md vc_grid-filter-center vc_grid-filter-center\"><\/div><div class=\"vc_custom_heading satir-sinir-2 vc_gitem-post-data vc_gitem-post-data-source-post_title\" ><h6 style=\"text-align: left\" ><a href=\"https:\/\/alptechnic.com\/en\/portfolio\/igef-2025teydik\/\" class=\"vc_gitem-link\" title=\"WE WERE AT IGEF 2025\">WE WERE AT IGEF 2025<\/a><\/h6><\/div><div style=\"text-align: left\" class=\"vc_custom_heading tt_button tt_primary_button btn_primary_color hover_solid_secondary post_button\"><a href=\"https:\/\/alptechnic.com\/en\/portfolio\/igef-2025teydik\/\" class=\"vc_gitem-link\" title=\"WE WERE AT IGEF 2025\">More<\/a><\/div><\/div><\/div><\/div><\/div><\/div><\/div><div class=\"vc_clearfix\"><\/div><\/div><div class=\"vc_grid-item vc_clearfix vc_col-sm-4\"><div class=\"vc_grid-item-mini vc_clearfix\"><div class=\"vc_gitem-animated-block\" ><div class=\"vc_gitem-zone vc_gitem-zone-a blog-detailed-grid vc-gitem-zone-height-mode-auto vc-gitem-zone-height-mode-auto-1-1\"><div class=\"vc_gitem-zone-mini\"><div class=\"vc_gitem_row vc_row vc_gitem-row-position-top\"><div class=\"vc_col-sm-12 vc_gitem-col vc_gitem-col-align-\">\n\t<div class=\"wpb_single_image wpb_content_element vc_align_center\">\n\t\t<figure class=\"wpb_wrapper vc_figure\">\n\t\t\t<div class=\"vc_single_image-wrapper   vc_box_border_grey\"><img loading=\"lazy\" decoding=\"async\" width=\"400\" height=\"250\" src=\"https:\/\/alptechnic.com\/wp-content\/uploads\/2020\/09\/idex_1-400x250.jpeg\" class=\"vc_single_image-img attachment-keydesign-grid-image\" alt=\"\" title=\"idex_1\" srcset=\"https:\/\/alptechnic.com\/wp-content\/uploads\/2020\/09\/idex_1-400x250.jpeg 400w, https:\/\/alptechnic.com\/wp-content\/uploads\/2020\/09\/idex_1-18x12.jpeg 18w\" sizes=\"auto, (max-width: 400px) 100vw, 400px\" \/><\/div>\n\t\t<\/figure>\n\t<\/div>\n<\/div><\/div><div class=\"vc_gitem_row vc_row vc_gitem-row-position-middle\"><div class=\"vc_col-sm-12 entry-wrapper vc_gitem-col vc_gitem-col-align-\"><div class=\"vc_gitem-post-data vc_gitem-post-data-source-post_categories vc_grid-filter vc_clearfix vc_grid-filter vc_clearfix vc_grid-filter- vc_grid-filter-size-md vc_grid-filter-center vc_grid-filter-center\"><\/div><div class=\"vc_custom_heading satir-sinir-2 vc_gitem-post-data vc_gitem-post-data-source-post_title\" ><h6 style=\"text-align: left\" ><a href=\"https:\/\/alptechnic.com\/en\/portfolio\/power-apps\/\" class=\"vc_gitem-link\" title=\"ALPTEKNIK AVIATION AT IDEX\u201925 FAIR\">ALPTEKNIK AVIATION AT IDEX\u201925 FAIR<\/a><\/h6><\/div><div style=\"text-align: left\" class=\"vc_custom_heading tt_button tt_primary_button btn_primary_color hover_solid_secondary post_button\"><a href=\"https:\/\/alptechnic.com\/en\/portfolio\/power-apps\/\" class=\"vc_gitem-link\" title=\"ALPTEKNIK AVIATION AT IDEX\u201925 FAIR\">More<\/a><\/div><\/div><\/div><\/div><\/div><\/div><\/div><div class=\"vc_clearfix\"><\/div><\/div><div class=\"vc_grid-item vc_clearfix vc_col-sm-4\"><div class=\"vc_grid-item-mini vc_clearfix\"><div class=\"vc_gitem-animated-block\" ><div class=\"vc_gitem-zone vc_gitem-zone-a blog-detailed-grid vc-gitem-zone-height-mode-auto vc-gitem-zone-height-mode-auto-1-1\"><div class=\"vc_gitem-zone-mini\"><div class=\"vc_gitem_row vc_row vc_gitem-row-position-top\"><div class=\"vc_col-sm-12 vc_gitem-col vc_gitem-col-align-\">\n\t<div class=\"wpb_single_image wpb_content_element vc_align_center\">\n\t\t<figure class=\"wpb_wrapper vc_figure\">\n\t\t\t<div class=\"vc_single_image-wrapper   vc_box_border_grey\"><img loading=\"lazy\" decoding=\"async\" width=\"400\" height=\"250\" src=\"https:\/\/alptechnic.com\/wp-content\/uploads\/2020\/09\/DSCF7952-400x250.jpg\" class=\"vc_single_image-img attachment-keydesign-grid-image\" alt=\"\" title=\"DSCF7952\" srcset=\"https:\/\/alptechnic.com\/wp-content\/uploads\/2020\/09\/DSCF7952-400x250.jpg 400w, https:\/\/alptechnic.com\/wp-content\/uploads\/2020\/09\/DSCF7952-18x12.jpg 18w\" sizes=\"auto, (max-width: 400px) 100vw, 400px\" \/><\/div>\n\t\t<\/figure>\n\t<\/div>\n<\/div><\/div><div class=\"vc_gitem_row vc_row vc_gitem-row-position-middle\"><div class=\"vc_col-sm-12 entry-wrapper vc_gitem-col vc_gitem-col-align-\"><div class=\"vc_gitem-post-data vc_gitem-post-data-source-post_categories vc_grid-filter vc_clearfix vc_grid-filter vc_clearfix vc_grid-filter- vc_grid-filter-size-md vc_grid-filter-center vc_grid-filter-center\"><\/div><div class=\"vc_custom_heading satir-sinir-2 vc_gitem-post-data vc_gitem-post-data-source-post_title\" ><h6 style=\"text-align: left\" ><a href=\"https:\/\/alptechnic.com\/en\/portfolio\/valuation-school\/\" class=\"vc_gitem-link\" title=\"MOOG INC., ALPTEKN\u0130K HAVACILIK&#8217;IN UH-60 VE F-16 ASKERI PLATFORMLARININ T\u00dcRKIYE DISTRIB\u00dcT\u00d6R\u00dc OLARAK ATANDI\u011eINI DUYURDU\">MOOG INC. HAS ANNOUNCED THE APPOINTMENT OF ALPTEKNIK AVIATION AS DISTRIBUTOR FOR THE MILITARY PLATFORMS UH-60 AND F-16, IN T\u00dcRK\u0130YE.<\/a><\/h6><\/div><div style=\"text-align: left\" class=\"vc_custom_heading tt_button tt_primary_button btn_primary_color hover_solid_secondary post_button\"><a href=\"https:\/\/alptechnic.com\/en\/portfolio\/valuation-school\/\" class=\"vc_gitem-link\" title=\"MOOG INC., ALPTEKN\u0130K HAVACILIK&#8217;IN UH-60 VE F-16 ASKERI PLATFORMLARININ T\u00dcRKIYE DISTRIB\u00dcT\u00d6R\u00dc OLARAK ATANDI\u011eINI DUYURDU\">More<\/a><\/div><\/div><\/div><\/div><\/div><\/div><\/div><div class=\"vc_clearfix\"><\/div><\/div><\/div><\/div>\n\t<\/div>\n<\/div><\/div><\/div><\/div><\/div>\n<\/div>","protected":false},"excerpt":{"rendered":"ALPTEKN\u0130K'TEN HABERLER \u0130GEF 2025\u2019TEYD\u0130KDaha Fazla IDEX\u201925 FUARI\u2019NDAYDIKDaha Fazla MOOG INC., ALPTEKN\u0130K HAVACILIK&#8217;IN UH-60 VE F-16 ASKERI PLATFORMLARININ T\u00dcRKIYE DISTRIB\u00dcT\u00d6R\u00dc OLARAK ATANDI\u011eINI DUYURDUDaha Fazla","protected":false},"author":1,"featured_media":0,"parent":0,"menu_order":0,"comment_status":"closed","ping_status":"closed","template":"","meta":{"footnotes":""},"class_list":["post-15","page","type-page","status-publish","hentry"],"_links":{"self":[{"href":"https:\/\/alptechnic.com\/en\/wp-json\/wp\/v2\/pages\/15","targetHints":{"allow":["GET"]}}],"collection":[{"href":"https:\/\/alptechnic.com\/en\/wp-json\/wp\/v2\/pages"}],"about":[{"href":"https:\/\/alptechnic.com\/en\/wp-json\/wp\/v2\/types\/page"}],"author":[{"embeddable":true,"href":"https:\/\/alptechnic.com\/en\/wp-json\/wp\/v2\/users\/1"}],"replies":[{"embeddable":true,"href":"https:\/\/alptechnic.com\/en\/wp-json\/wp\/v2\/comments?post=15"}],"version-history":[{"count":10,"href":"https:\/\/alptechnic.com\/en\/wp-json\/wp\/v2\/pages\/15\/revisions"}],"predecessor-version":[{"id":8870,"href":"https:\/\/alptechnic.com\/en\/wp-json\/wp\/v2\/pages\/15\/revisions\/8870"}],"wp:attachment":[{"href":"https:\/\/alptechnic.com\/en\/wp-json\/wp\/v2\/media?parent=15"}],"curies":[{"name":"wp","href":"https:\/\/api.w.org\/{rel}","templated":true}]}}